{"id":29,"date":"2024-11-05T16:51:34","date_gmt":"2024-11-05T16:51:34","guid":{"rendered":"https:\/\/tech4u.cenecmalaga.es\/?page_id=29"},"modified":"2024-11-07T12:08:53","modified_gmt":"2024-11-07T12:08:53","slug":"colaboraciones","status":"publish","type":"page","link":"https:\/\/tech4u.cenecmalaga.es\/index.php\/colaboraciones\/","title":{"rendered":"Colaboraciones"},"content":{"rendered":"\n<p>Bienvenidos a nuestra p\u00e1gina de colaboraciones externas,<\/p>\n\n\n\n<p>En esta secci\u00f3n encontrar\u00e1s una selecci\u00f3n de art\u00edculos y contenidos creados por profesionales del sector tecnol\u00f3gico, empresarios, y desarrolladores con proyectos de \u00e9xito que han querido compartir su conocimiento con nuestra comunidad educativa. Estos art\u00edculos abordan temas actuales y relevantes del mundo de la tecnolog\u00eda, desde las \u00faltimas tendencias en desarrollo de software hasta casos pr\u00e1cticos de innovaci\u00f3n empresarial.<\/p>\n\n\n\n<p>Nuestro objetivo es conectar a nuestros alumnos y visitantes con el conocimiento de primera mano de quienes est\u00e1n marcando la diferencia en la industria. Cada colaboraci\u00f3n representa una oportunidad para aprender de la experiencia real y comprender c\u00f3mo se aplican los conceptos te\u00f3ricos en el mundo profesional.<\/p>\n\n\n\n<p>Explora los art\u00edculos y descubre c\u00f3mo estos colaboradores externos est\u00e1n ayudando a enriquecer la formaci\u00f3n de nuestros estudiantes y a inspirar a la pr\u00f3xima generaci\u00f3n de profesionales tecnol\u00f3gicos. Si tienes curiosidad, no dudes en seguir leyendo y empaparte de todo el conocimiento que han querido compartir con nosotros.<\/p>\n\n\n\n<p>\u00a1Esperamos que disfrutes del contenido y encuentres inspiraci\u00f3n en cada una de estas contribuciones!<\/p>\n\n\n<div class=\"wp-block-coblocks-posts is-style-horizontal\"><div class=\"wp-block-coblocks-posts__inner has-columns has-1-columns has-responsive-columns has-image-right has-medium-image has-square-image\"><\/div><\/div>","protected":false},"excerpt":{"rendered":"<p>Bienvenidos a nuestra p\u00e1gina de colaboraciones externas, En esta secci\u00f3n encontrar\u00e1s una selecci\u00f3n de art\u00edculos y contenidos creados por profesionales del sector tecnol\u00f3gico, empresarios, y desarrolladores con proyectos de \u00e9xito que han querido compartir su conocimiento con nuestra comunidad educativa. Estos art\u00edculos abordan temas actuales y relevantes del mundo de la tecnolog\u00eda, desde las \u00faltimas&#8230;<\/p>\n<p class=\"more-link-wrap\"><a href=\"https:\/\/tech4u.cenecmalaga.es\/index.php\/colaboraciones\/\" class=\"more-link\">Leer m\u00e1s<span class=\"screen-reader-text\"> &ldquo;Colaboraciones&rdquo;<\/span> &raquo;<\/a><\/p>\n","protected":false},"author":3,"featured_media":150,"parent":0,"menu_order":0,"comment_status":"closed","ping_status":"closed","template":"","meta":{"_coblocks_attr":"","_coblocks_dimensions":"","_coblocks_responsive_height":"","_coblocks_accordion_ie_support":"","footnotes":""},"class_list":["post-29","page","type-page","status-publish","has-post-thumbnail","hentry"],"featured_image_url":{"thumbnail":"https:\/\/tech4u.cenecmalaga.es\/wp-content\/uploads\/2024\/11\/colaboraciones-e1730981328807-150x150.webp","medium":"https:\/\/tech4u.cenecmalaga.es\/wp-content\/uploads\/2024\/11\/colaboraciones-e1730981328807-300x159.webp","medium_large":"https:\/\/tech4u.cenecmalaga.es\/wp-content\/uploads\/2024\/11\/colaboraciones-e1730981328807-768x407.webp","large":"https:\/\/tech4u.cenecmalaga.es\/wp-content\/uploads\/2024\/11\/colaboraciones-e1730981328807-1024x542.webp","1536x1536":"https:\/\/tech4u.cenecmalaga.es\/wp-content\/uploads\/2024\/11\/colaboraciones-e1730981328807-1536x813.webp","2048x2048":"https:\/\/tech4u.cenecmalaga.es\/wp-content\/uploads\/2024\/11\/colaboraciones-e1730981328807.webp"},"post_author":"Cenec","assigned_categories":"","_links":{"self":[{"href":"https:\/\/tech4u.cenecmalaga.es\/index.php\/wp-json\/wp\/v2\/pages\/29","targetHints":{"allow":["GET"]}}],"collection":[{"href":"https:\/\/tech4u.cenecmalaga.es\/index.php\/wp-json\/wp\/v2\/pages"}],"about":[{"href":"https:\/\/tech4u.cenecmalaga.es\/index.php\/wp-json\/wp\/v2\/types\/page"}],"author":[{"embeddable":true,"href":"https:\/\/tech4u.cenecmalaga.es\/index.php\/wp-json\/wp\/v2\/users\/3"}],"replies":[{"embeddable":true,"href":"https:\/\/tech4u.cenecmalaga.es\/index.php\/wp-json\/wp\/v2\/comments?post=29"}],"version-history":[{"count":8,"href":"https:\/\/tech4u.cenecmalaga.es\/index.php\/wp-json\/wp\/v2\/pages\/29\/revisions"}],"predecessor-version":[{"id":143,"href":"https:\/\/tech4u.cenecmalaga.es\/index.php\/wp-json\/wp\/v2\/pages\/29\/revisions\/143"}],"wp:featuredmedia":[{"embeddable":true,"href":"https:\/\/tech4u.cenecmalaga.es\/index.php\/wp-json\/wp\/v2\/media\/150"}],"wp:attachment":[{"href":"https:\/\/tech4u.cenecmalaga.es\/index.php\/wp-json\/wp\/v2\/media?parent=29"}],"curies":[{"name":"wp","href":"https:\/\/api.w.org\/{rel}","templated":true}]}}