{"id":27,"date":"2024-11-05T16:51:15","date_gmt":"2024-11-05T16:51:15","guid":{"rendered":"https:\/\/tech4u.cenecmalaga.es\/?page_id=27"},"modified":"2024-11-07T12:04:07","modified_gmt":"2024-11-07T12:04:07","slug":"proyectos-estudiantiles","status":"publish","type":"page","link":"https:\/\/tech4u.cenecmalaga.es\/index.php\/proyectos-estudiantiles\/","title":{"rendered":"Proyectos estudiantiles"},"content":{"rendered":"\n<p>Este es un espacio dedicado a la creatividad, la innovaci\u00f3n y el esfuerzo conjunto de todos nuestros estudiantes. Aqu\u00ed, los actuales alumnos y los egresados tienen la oportunidad de mostrar al mundo los proyectos en los que han trabajado con tanto empe\u00f1o. Cada idea, cada prototipo y cada aplicaci\u00f3n son testigos de la pasi\u00f3n por el desarrollo y la tecnolog\u00eda que compartimos como comunidad educativa.<\/p>\n\n\n\n<p>En esta p\u00e1gina podr\u00e9is encontrar desde aplicaciones web y multiplataforma hasta herramientas \u00fanicas, todas creadas y explicadas en detalle por quienes estuvieron donde t\u00fa est\u00e1s ahora o por quienes se encuentran en pleno proceso de aprendizaje. Cada proyecto cuenta con una explicaci\u00f3n exhaustiva sobre su desarrollo, las tecnolog\u00edas utilizadas y el prop\u00f3sito que los impulsa. Algunos de ellos incluso est\u00e1n disponibles para que puedas descargarlos, explorarlos, y por qu\u00e9 no, inspirarte para tu pr\u00f3ximo gran reto.<\/p>\n\n\n\n<p>Este espacio no s\u00f3lo muestra nuestro potencial, sino tambi\u00e9n promueve el aprendizaje colaborativo y la posibilidad de compartir ideas que podr\u00edan dar forma al futuro. Te invitamos a explorar, aprender y contribuir con tus propias ideas.<\/p>\n\n\n\n<p>\u00a1La innovaci\u00f3n no tiene l\u00edmites cuando trabajamos juntos!<\/p>\n\n\n<div class=\"wp-block-coblocks-posts is-style-stacked\"><div class=\"wp-block-coblocks-posts__inner has-columns has-2-columns has-responsive-columns has-square-image\"><div class=\"wp-block-coblocks-posts__item\"><div class=\"wp-block-coblocks-posts__image\"><a href=\"https:\/\/tech4u.cenecmalaga.es\/index.php\/2024\/11\/18\/uniendo-dam-y-daw-un-enfoque-multidisciplinar\/\" class=\"bg-cover bg-center-center\" style=\"background-image:url(https:\/\/tech4u.cenecmalaga.es\/wp-content\/uploads\/2024\/11\/proyectos-dam-y-daw.webp)\"><\/a><\/div><div class=\"wp-block-coblocks-posts__content\"><a href=\"https:\/\/tech4u.cenecmalaga.es\/index.php\/2024\/11\/18\/uniendo-dam-y-daw-un-enfoque-multidisciplinar\/\" alt=\"Uniendo DAM y DAW: un enfoque multidisciplinar\">Uniendo DAM y DAW: un enfoque multidisciplinar<\/a><\/div><\/div><\/div><\/div>","protected":false},"excerpt":{"rendered":"<p>Este es un espacio dedicado a la creatividad, la innovaci\u00f3n y el esfuerzo conjunto de todos nuestros estudiantes. Aqu\u00ed, los actuales alumnos y los egresados tienen la oportunidad de mostrar al mundo los proyectos en los que han trabajado con tanto empe\u00f1o. Cada idea, cada prototipo y cada aplicaci\u00f3n son testigos de la pasi\u00f3n por&#8230;<\/p>\n<p class=\"more-link-wrap\"><a href=\"https:\/\/tech4u.cenecmalaga.es\/index.php\/proyectos-estudiantiles\/\" class=\"more-link\">Leer m\u00e1s<span class=\"screen-reader-text\"> &ldquo;Proyectos estudiantiles&rdquo;<\/span> &raquo;<\/a><\/p>\n","protected":false},"author":3,"featured_media":148,"parent":0,"menu_order":0,"comment_status":"closed","ping_status":"closed","template":"","meta":{"_coblocks_attr":"","_coblocks_dimensions":"","_coblocks_responsive_height":"","_coblocks_accordion_ie_support":"","footnotes":""},"class_list":["post-27","page","type-page","status-publish","has-post-thumbnail","hentry"],"featured_image_url":{"thumbnail":"https:\/\/tech4u.cenecmalaga.es\/wp-content\/uploads\/2024\/11\/proyectos-estudiantiles-150x150.webp","medium":"https:\/\/tech4u.cenecmalaga.es\/wp-content\/uploads\/2024\/11\/proyectos-estudiantiles-300x171.webp","medium_large":"https:\/\/tech4u.cenecmalaga.es\/wp-content\/uploads\/2024\/11\/proyectos-estudiantiles-768x439.webp","large":"https:\/\/tech4u.cenecmalaga.es\/wp-content\/uploads\/2024\/11\/proyectos-estudiantiles-1024x585.webp","1536x1536":"https:\/\/tech4u.cenecmalaga.es\/wp-content\/uploads\/2024\/11\/proyectos-estudiantiles-1536x878.webp","2048x2048":"https:\/\/tech4u.cenecmalaga.es\/wp-content\/uploads\/2024\/11\/proyectos-estudiantiles.webp"},"post_author":"Cenec","assigned_categories":"","_links":{"self":[{"href":"https:\/\/tech4u.cenecmalaga.es\/index.php\/wp-json\/wp\/v2\/pages\/27","targetHints":{"allow":["GET"]}}],"collection":[{"href":"https:\/\/tech4u.cenecmalaga.es\/index.php\/wp-json\/wp\/v2\/pages"}],"about":[{"href":"https:\/\/tech4u.cenecmalaga.es\/index.php\/wp-json\/wp\/v2\/types\/page"}],"author":[{"embeddable":true,"href":"https:\/\/tech4u.cenecmalaga.es\/index.php\/wp-json\/wp\/v2\/users\/3"}],"replies":[{"embeddable":true,"href":"https:\/\/tech4u.cenecmalaga.es\/index.php\/wp-json\/wp\/v2\/comments?post=27"}],"version-history":[{"count":2,"href":"https:\/\/tech4u.cenecmalaga.es\/index.php\/wp-json\/wp\/v2\/pages\/27\/revisions"}],"predecessor-version":[{"id":145,"href":"https:\/\/tech4u.cenecmalaga.es\/index.php\/wp-json\/wp\/v2\/pages\/27\/revisions\/145"}],"wp:featuredmedia":[{"embeddable":true,"href":"https:\/\/tech4u.cenecmalaga.es\/index.php\/wp-json\/wp\/v2\/media\/148"}],"wp:attachment":[{"href":"https:\/\/tech4u.cenecmalaga.es\/index.php\/wp-json\/wp\/v2\/media?parent=27"}],"curies":[{"name":"wp","href":"https:\/\/api.w.org\/{rel}","templated":true}]}}