{"id":2,"date":"2024-11-04T14:51:52","date_gmt":"2024-11-04T14:51:52","guid":{"rendered":"https:\/\/tech4u.cenecmalaga.es\/?page_id=2"},"modified":"2024-11-07T12:07:39","modified_gmt":"2024-11-07T12:07:39","slug":"sample-page","status":"publish","type":"page","link":"https:\/\/tech4u.cenecmalaga.es\/index.php\/sample-page\/","title":{"rendered":"Quienes Somos"},"content":{"rendered":"\n<p>Bienvenidos a la revista digital del Centro de Formaci\u00f3n Profesional CENEC Grupo ATU, un espacio creado con pasi\u00f3n por profesores y alumnos para compartir conocimiento, inspirar y conectar. Somos un grupo de profesionales de la ense\u00f1anza, dedicados a la formaci\u00f3n en Tecnolog\u00eda y Desarrollo de Aplicaciones Web y Multiplataforma, comprometidos con la calidad educativa y la innovaci\u00f3n pedag\u00f3gica.<\/p>\n\n\n\n<p>Los profesores que participamos en esta revista no solo nos dedicamos a ense\u00f1ar, sino que tambi\u00e9n aprendemos cada d\u00eda junto a nuestros alumnos. Creemos que la formaci\u00f3n es un viaje continuo y colaborativo. En este espacio, compartimos art\u00edculos, proyectos, reflexiones y recursos que nacen de nuestra experiencia en el aula y de la curiosidad que nos impulsa a seguir aprendiendo.<\/p>\n\n\n\n<p>Nos apasiona todo lo relacionado con la programaci\u00f3n, el dise\u00f1o, la tecnolog\u00eda y la innovaci\u00f3n. Esta revista es una muestra del esfuerzo colectivo de nuestros profesores y estudiantes, quienes desean ir m\u00e1s all\u00e1 de los contenidos de los m\u00f3dulos para contribuir a la comunidad educativa y profesional con contenido relevante, \u00fatil y, \u00bfpor qu\u00e9 no?, tambi\u00e9n divertido.<\/p>\n\n\n\n<p>Queremos que esta revista sea un punto de encuentro donde el conocimiento se multiplique, donde las ideas fluyan y donde nuestros alumnos puedan mostrar su talento y creatividad. Cada art\u00edculo es una ventana abierta al trabajo que realizamos cada d\u00eda, con el objetivo de inspirar a otros y dar visibilidad a los grandes proyectos que surgen de nuestras aulas.<\/p>\n\n\n\n<p>\u00a1Gracias por visitarnos y ser parte de esta aventura educativa! Esperamos que disfrutes del contenido tanto como nosotros hemos disfrutado al crearlo.<\/p>\n\n\n\n<div class=\"wp-block-columns is-layout-flex wp-container-core-columns-is-layout-9d6595d7 wp-block-columns-is-layout-flex\">\n<div class=\"wp-block-column is-layout-flow wp-block-column-is-layout-flow\">\n<p class=\"has-text-align-center\">Datos de Profesor 1<\/p>\n<\/div>\n\n\n\n<div class=\"wp-block-column is-layout-flow wp-block-column-is-layout-flow\">\n<p class=\"has-text-align-center\">Datos de Profesor 2<\/p>\n<\/div>\n<\/div>\n\n\n\n<div class=\"wp-block-columns is-layout-flex wp-container-core-columns-is-layout-9d6595d7 wp-block-columns-is-layout-flex\">\n<div class=\"wp-block-column is-layout-flow wp-block-column-is-layout-flow\">\n<p class=\"has-text-align-center\">Datos de Profesor 3<\/p>\n\n\n\n<p><\/p>\n<\/div>\n\n\n\n<div class=\"wp-block-column is-layout-flow wp-block-column-is-layout-flow\">\n<p class=\"has-text-align-center\">Datos de Profesor 4<\/p>\n<\/div>\n<\/div>\n","protected":false},"excerpt":{"rendered":"<p>Bienvenidos a la revista digital del Centro de Formaci\u00f3n Profesional CENEC Grupo ATU, un espacio creado con pasi\u00f3n por profesores y alumnos para compartir conocimiento, inspirar y conectar. Somos un grupo de profesionales de la ense\u00f1anza, dedicados a la formaci\u00f3n en Tecnolog\u00eda y Desarrollo de Aplicaciones Web y Multiplataforma, comprometidos con la calidad educativa y&#8230;<\/p>\n<p class=\"more-link-wrap\"><a href=\"https:\/\/tech4u.cenecmalaga.es\/index.php\/sample-page\/\" class=\"more-link\">Leer m\u00e1s<span class=\"screen-reader-text\"> &ldquo;Quienes Somos&rdquo;<\/span> &raquo;<\/a><\/p>\n","protected":false},"author":1,"featured_media":147,"parent":0,"menu_order":0,"comment_status":"closed","ping_status":"open","template":"","meta":{"_coblocks_attr":"","_coblocks_dimensions":"","_coblocks_responsive_height":"","_coblocks_accordion_ie_support":"","footnotes":""},"class_list":["post-2","page","type-page","status-publish","has-post-thumbnail","hentry"],"featured_image_url":{"thumbnail":"https:\/\/tech4u.cenecmalaga.es\/wp-content\/uploads\/2024\/11\/quienes-somos-150x150.webp","medium":"https:\/\/tech4u.cenecmalaga.es\/wp-content\/uploads\/2024\/11\/quienes-somos-300x171.webp","medium_large":"https:\/\/tech4u.cenecmalaga.es\/wp-content\/uploads\/2024\/11\/quienes-somos-768x439.webp","large":"https:\/\/tech4u.cenecmalaga.es\/wp-content\/uploads\/2024\/11\/quienes-somos-1024x585.webp","1536x1536":"https:\/\/tech4u.cenecmalaga.es\/wp-content\/uploads\/2024\/11\/quienes-somos-1536x878.webp","2048x2048":"https:\/\/tech4u.cenecmalaga.es\/wp-content\/uploads\/2024\/11\/quienes-somos.webp"},"post_author":"admin","assigned_categories":"","_links":{"self":[{"href":"https:\/\/tech4u.cenecmalaga.es\/index.php\/wp-json\/wp\/v2\/pages\/2","targetHints":{"allow":["GET"]}}],"collection":[{"href":"https:\/\/tech4u.cenecmalaga.es\/index.php\/wp-json\/wp\/v2\/pages"}],"about":[{"href":"https:\/\/tech4u.cenecmalaga.es\/index.php\/wp-json\/wp\/v2\/types\/page"}],"author":[{"embeddable":true,"href":"https:\/\/tech4u.cenecmalaga.es\/index.php\/wp-json\/wp\/v2\/users\/1"}],"replies":[{"embeddable":true,"href":"https:\/\/tech4u.cenecmalaga.es\/index.php\/wp-json\/wp\/v2\/comments?post=2"}],"version-history":[{"count":2,"href":"https:\/\/tech4u.cenecmalaga.es\/index.php\/wp-json\/wp\/v2\/pages\/2\/revisions"}],"predecessor-version":[{"id":69,"href":"https:\/\/tech4u.cenecmalaga.es\/index.php\/wp-json\/wp\/v2\/pages\/2\/revisions\/69"}],"wp:featuredmedia":[{"embeddable":true,"href":"https:\/\/tech4u.cenecmalaga.es\/index.php\/wp-json\/wp\/v2\/media\/147"}],"wp:attachment":[{"href":"https:\/\/tech4u.cenecmalaga.es\/index.php\/wp-json\/wp\/v2\/media?parent=2"}],"curies":[{"name":"wp","href":"https:\/\/api.w.org\/{rel}","templated":true}]}}